{"id":9,"date":"2018-05-06T19:54:50","date_gmt":"2018-05-06T17:54:50","guid":{"rendered":"http:\/\/www.kendo-tirol.com\/site\/?page_id=9"},"modified":"2025-09-23T17:14:15","modified_gmt":"2025-09-23T15:14:15","slug":"home","status":"publish","type":"page","link":"http:\/\/www.kendo-tirol.com\/site\/","title":{"rendered":"Home"},"content":{"rendered":"\n<h2 class=\"wp-block-heading\">Aktuelles<\/h2>\n\n\n<ul class=\"wp-block-latest-posts__list has-dates has-author wp-block-latest-posts\"><li><div class=\"wp-block-latest-posts__featured-image\"><img loading=\"lazy\" decoding=\"async\" width=\"525\" height=\"295\" src=\"http:\/\/www.kendo-tirol.com\/site\/wp-content\/uploads\/2026\/04\/20260409_205841-1024x576.jpg\" class=\"attachment-large size-large wp-post-image\" alt=\"\" style=\"\" srcset=\"http:\/\/www.kendo-tirol.com\/site\/wp-content\/uploads\/2026\/04\/20260409_205841-1024x576.jpg 1024w, http:\/\/www.kendo-tirol.com\/site\/wp-content\/uploads\/2026\/04\/20260409_205841-300x169.jpg 300w, http:\/\/www.kendo-tirol.com\/site\/wp-content\/uploads\/2026\/04\/20260409_205841-768x432.jpg 768w, http:\/\/www.kendo-tirol.com\/site\/wp-content\/uploads\/2026\/04\/20260409_205841-1536x864.jpg 1536w, http:\/\/www.kendo-tirol.com\/site\/wp-content\/uploads\/2026\/04\/20260409_205841-2048x1153.jpg 2048w\" sizes=\"auto, 100vw\" \/><\/div><a class=\"wp-block-latest-posts__post-title\" href=\"http:\/\/www.kendo-tirol.com\/site\/2026\/04\/10\/neuer-anfaengerkurs-gestartet\/\">Neuer Anf\u00e4ngerkurs ist gestartet<\/a><div class=\"wp-block-latest-posts__post-author\">von Georg Zegg<\/div><time datetime=\"2026-04-10T15:20:57+02:00\" class=\"wp-block-latest-posts__post-date\">10. April 2026<\/time><div class=\"wp-block-latest-posts__post-excerpt\">Du interessierst dich f\u00fcr die japanische Kultur und hast lust etwas Neues auszuprobieren? Dann komm vorbei zum Anf\u00e4ngerkurs. Der Einstieg ist jederzeit m\u00f6glich. Alle Infos findest du HIER.<\/div><\/li>\n<li><div class=\"wp-block-latest-posts__featured-image\"><img loading=\"lazy\" decoding=\"async\" width=\"525\" height=\"394\" src=\"http:\/\/www.kendo-tirol.com\/site\/wp-content\/uploads\/2026\/03\/IMG-20260326-WA0001-1024x768.jpg\" class=\"attachment-large size-large wp-post-image\" alt=\"\" style=\"\" srcset=\"http:\/\/www.kendo-tirol.com\/site\/wp-content\/uploads\/2026\/03\/IMG-20260326-WA0001-1024x768.jpg 1024w, http:\/\/www.kendo-tirol.com\/site\/wp-content\/uploads\/2026\/03\/IMG-20260326-WA0001-300x225.jpg 300w, http:\/\/www.kendo-tirol.com\/site\/wp-content\/uploads\/2026\/03\/IMG-20260326-WA0001-768x576.jpg 768w, http:\/\/www.kendo-tirol.com\/site\/wp-content\/uploads\/2026\/03\/IMG-20260326-WA0001-1536x1152.jpg 1536w, http:\/\/www.kendo-tirol.com\/site\/wp-content\/uploads\/2026\/03\/IMG-20260326-WA0001.jpg 2048w\" sizes=\"auto, 100vw\" \/><\/div><a class=\"wp-block-latest-posts__post-title\" href=\"http:\/\/www.kendo-tirol.com\/site\/2026\/03\/28\/kyu-pruefung-maerz-2026\/\">Kyu-Pr\u00fcfung M\u00e4rz 2026<\/a><div class=\"wp-block-latest-posts__post-author\">von Georg Zegg<\/div><time datetime=\"2026-03-28T11:00:41+01:00\" class=\"wp-block-latest-posts__post-date\">28. M\u00e4rz 2026<\/time><div class=\"wp-block-latest-posts__post-excerpt\">Am Donnerstag, den 26. M\u00e4rz stellten sich 14 Vereinsmitglieder der Kendo Kyu-Pr\u00fcfung. Wir gratulieren und w\u00fcnschen allen noch viel Erfolg auf ihrem weiteren Kendo-Weg! Nico Lagger zum 7.Kyu Paulina Sala zum 7.Kyu Katharina Huber zum 7.Kyu Kristina Kojic zum 7.Kyu Stefan Leitl zum 6.Kyu Monique Wolff zum 6. Kyu Dominique Spiegl zum 6.Kyu Otis Haller zum 5.Kyu Samuel Prantl zum 5.Kyu Anne Krauledat zum 5.Kyu &hellip; <p class=\"link-more\"><a href=\"http:\/\/www.kendo-tirol.com\/site\/2026\/03\/28\/kyu-pruefung-maerz-2026\/\" class=\"more-link\"><span class=\"screen-reader-text\">\u201eKyu-Pr\u00fcfung M\u00e4rz 2026\u201c <\/span>weiterlesen<\/a><\/p><\/div><\/li>\n<li><div class=\"wp-block-latest-posts__featured-image\"><img loading=\"lazy\" decoding=\"async\" width=\"525\" height=\"158\" src=\"http:\/\/www.kendo-tirol.com\/site\/wp-content\/uploads\/2026\/02\/210A0198_ex_loRes_ex_loRes2-e1771002034774.jpg\" class=\"attachment-large size-large wp-post-image\" alt=\"\" style=\"\" srcset=\"http:\/\/www.kendo-tirol.com\/site\/wp-content\/uploads\/2026\/02\/210A0198_ex_loRes_ex_loRes2-e1771002034774.jpg 984w, http:\/\/www.kendo-tirol.com\/site\/wp-content\/uploads\/2026\/02\/210A0198_ex_loRes_ex_loRes2-e1771002034774-300x91.jpg 300w, http:\/\/www.kendo-tirol.com\/site\/wp-content\/uploads\/2026\/02\/210A0198_ex_loRes_ex_loRes2-e1771002034774-768x232.jpg 768w\" sizes=\"auto, 100vw\" \/><\/div><a class=\"wp-block-latest-posts__post-title\" href=\"http:\/\/www.kendo-tirol.com\/site\/2026\/02\/13\/jahreshauptversammlung-2026\/\">Jahreshauptversammlung 2026<\/a><div class=\"wp-block-latest-posts__post-author\">von Mario Lener<\/div><time datetime=\"2026-02-13T17:47:33+01:00\" class=\"wp-block-latest-posts__post-date\">13. Februar 2026<\/time><div class=\"wp-block-latest-posts__post-excerpt\">Am 12. Februar fand die j\u00e4hrliche Hauptversammlung im Gasthaus Bierstindl statt. In geselligem Rahmen berichtete der Vereinsvorstand \u00fcber Ver\u00e4nderungen im Verein und im Verband, \u00fcber die Finanzgebarung des Vereins und \u00fcber die Entwicklung der Mitgliederzahlen. Der Beginn des neuen Anf\u00e4ngerkurses wurde mit 9. April 2026 bekannt gegeben. Schlie\u00dflich wurde der alte Vorstand entlastet, der Neue in alter Besetzung unver\u00e4ndert wiedergew\u00e4hlt.<\/div><\/li>\n<li><div class=\"wp-block-latest-posts__featured-image\"><img loading=\"lazy\" decoding=\"async\" width=\"525\" height=\"155\" src=\"http:\/\/www.kendo-tirol.com\/site\/wp-content\/uploads\/2025\/11\/GruppenfotoBergiselschlacht25-1024x303.png\" class=\"attachment-large size-large wp-post-image\" alt=\"\" style=\"\" srcset=\"http:\/\/www.kendo-tirol.com\/site\/wp-content\/uploads\/2025\/11\/GruppenfotoBergiselschlacht25-1024x303.png 1024w, http:\/\/www.kendo-tirol.com\/site\/wp-content\/uploads\/2025\/11\/GruppenfotoBergiselschlacht25-300x89.png 300w, http:\/\/www.kendo-tirol.com\/site\/wp-content\/uploads\/2025\/11\/GruppenfotoBergiselschlacht25-768x227.png 768w, http:\/\/www.kendo-tirol.com\/site\/wp-content\/uploads\/2025\/11\/GruppenfotoBergiselschlacht25-1536x454.png 1536w, http:\/\/www.kendo-tirol.com\/site\/wp-content\/uploads\/2025\/11\/GruppenfotoBergiselschlacht25.png 2048w\" sizes=\"auto, 100vw\" \/><\/div><a class=\"wp-block-latest-posts__post-title\" href=\"http:\/\/www.kendo-tirol.com\/site\/2025\/11\/14\/xiii-bergiselschlacht-2025\/\">XIII. Bergiselschlacht 2025<\/a><div class=\"wp-block-latest-posts__post-author\">von Mario Lener<\/div><time datetime=\"2025-11-14T08:48:40+01:00\" class=\"wp-block-latest-posts__post-date\">14. November 2025<\/time><div class=\"wp-block-latest-posts__post-excerpt\">Am 8. und 9. November 2025 fand am LSC in Innsbruck wieder die allj\u00e4hrliche Bergiselschlacht statt. Wieder waren Teilnehmer aus den anderen Bundesl\u00e4ndern und aus Europa mit vertreten. Unser Verein hat einmal mehr eine hervorragende Leistung gezeigt und in der Kyu-Kategorie mit Philip Sailer (Bild links) sogar den Turniersieger gestellt. Der hervorragende 3. Platz in dieser Wertung ging an Andr\u00e9 Stiegler (Bild unten) Rita Pichler &hellip; <p class=\"link-more\"><a href=\"http:\/\/www.kendo-tirol.com\/site\/2025\/11\/14\/xiii-bergiselschlacht-2025\/\" class=\"more-link\"><span class=\"screen-reader-text\">\u201eXIII. Bergiselschlacht 2025\u201c <\/span>weiterlesen<\/a><\/p><\/div><\/li>\n<li><div class=\"wp-block-latest-posts__featured-image\"><img loading=\"lazy\" decoding=\"async\" width=\"525\" height=\"299\" src=\"http:\/\/www.kendo-tirol.com\/site\/wp-content\/uploads\/2025\/10\/Kendo20Jahrfeier1-e1759910159675-1024x584.jpg\" class=\"attachment-large size-large wp-post-image\" alt=\"\" style=\"\" srcset=\"http:\/\/www.kendo-tirol.com\/site\/wp-content\/uploads\/2025\/10\/Kendo20Jahrfeier1-e1759910159675-1024x584.jpg 1024w, http:\/\/www.kendo-tirol.com\/site\/wp-content\/uploads\/2025\/10\/Kendo20Jahrfeier1-e1759910159675-300x171.jpg 300w, http:\/\/www.kendo-tirol.com\/site\/wp-content\/uploads\/2025\/10\/Kendo20Jahrfeier1-e1759910159675-768x438.jpg 768w, http:\/\/www.kendo-tirol.com\/site\/wp-content\/uploads\/2025\/10\/Kendo20Jahrfeier1-e1759910159675-1536x876.jpg 1536w, http:\/\/www.kendo-tirol.com\/site\/wp-content\/uploads\/2025\/10\/Kendo20Jahrfeier1-e1759910159675.jpg 1600w\" sizes=\"auto, 100vw\" \/><\/div><a class=\"wp-block-latest-posts__post-title\" href=\"http:\/\/www.kendo-tirol.com\/site\/2025\/10\/06\/20-jaehriges-jubilaeum\/\">20 j\u00e4hriges Jubil\u00e4um<\/a><div class=\"wp-block-latest-posts__post-author\">von Mario Lener<\/div><time datetime=\"2025-10-06T13:38:31+02:00\" class=\"wp-block-latest-posts__post-date\">6. Oktober 2025<\/time><div class=\"wp-block-latest-posts__post-excerpt\">Am 7. Oktober vor 20 Jahren wurde der Verein Kendo Tirol \u2013 Verein f\u00fcr japanischen Schwertkampf gegr\u00fcndet. Vielen Dank an Sonja, f\u00fcr dieses tolle Jubil\u00e4umslogo! Im Training wurde ordentlich gefeiert &#8211; wir freuen uns!<\/div><\/li>\n<\/ul>\n\n\n<p><\/p>\n\n\n\n<p><\/p>\n\n\n\n<p><\/p>\n","protected":false},"excerpt":{"rendered":"<p>Aktuelles<\/p>\n","protected":false},"author":1,"featured_media":0,"parent":0,"menu_order":0,"comment_status":"closed","ping_status":"closed","template":"","meta":{"pgc_sgb_lightbox_settings":"","footnotes":""},"class_list":["post-9","page","type-page","status-publish","hentry"],"_links":{"self":[{"href":"http:\/\/www.kendo-tirol.com\/site\/wp-json\/wp\/v2\/pages\/9","targetHints":{"allow":["GET"]}}],"collection":[{"href":"http:\/\/www.kendo-tirol.com\/site\/wp-json\/wp\/v2\/pages"}],"about":[{"href":"http:\/\/www.kendo-tirol.com\/site\/wp-json\/wp\/v2\/types\/page"}],"author":[{"embeddable":true,"href":"http:\/\/www.kendo-tirol.com\/site\/wp-json\/wp\/v2\/users\/1"}],"replies":[{"embeddable":true,"href":"http:\/\/www.kendo-tirol.com\/site\/wp-json\/wp\/v2\/comments?post=9"}],"version-history":[{"count":37,"href":"http:\/\/www.kendo-tirol.com\/site\/wp-json\/wp\/v2\/pages\/9\/revisions"}],"predecessor-version":[{"id":1289,"href":"http:\/\/www.kendo-tirol.com\/site\/wp-json\/wp\/v2\/pages\/9\/revisions\/1289"}],"wp:attachment":[{"href":"http:\/\/www.kendo-tirol.com\/site\/wp-json\/wp\/v2\/media?parent=9"}],"curies":[{"name":"wp","href":"https:\/\/api.w.org\/{rel}","templated":true}]}}