{"id":53,"date":"2018-05-07T18:40:53","date_gmt":"2018-05-07T16:40:53","guid":{"rendered":"http:\/\/www.kendo-tirol.com\/site\/?page_id=53"},"modified":"2025-11-23T14:14:14","modified_gmt":"2025-11-23T13:14:14","slug":"bergiselschlacht","status":"publish","type":"page","link":"http:\/\/www.kendo-tirol.com\/site\/bergiselschlacht\/","title":{"rendered":"XIV. Bergiselschlacht 2026"},"content":{"rendered":"\n<h2 class=\"wp-block-heading has-text-align-center\"><mark style=\"background-color:rgba(0, 0, 0, 0)\" class=\"has-inline-color has-white-color\">Bergiselschlacht 2026<\/mark><\/h2>\n\n\n\n<p class=\"has-text-align-center\">PLEASE CLICK HERE FOR <a href=\"http:\/\/www.kendo-tirol.com\/site\/bergiselschlacht-en\/\">ENGLISH<\/a> WEBSITE<\/p>\n\n\n\n<figure class=\"wp-block-image size-large\"><img loading=\"lazy\" decoding=\"async\" width=\"1024\" height=\"768\" src=\"http:\/\/www.kendo-tirol.com\/site\/wp-content\/uploads\/2025\/09\/Bergiselschlacht-Logo-1-weiss-Papier3-1024x768.png\" alt=\"\" class=\"wp-image-1308\" srcset=\"http:\/\/www.kendo-tirol.com\/site\/wp-content\/uploads\/2025\/09\/Bergiselschlacht-Logo-1-weiss-Papier3-1024x768.png 1024w, http:\/\/www.kendo-tirol.com\/site\/wp-content\/uploads\/2025\/09\/Bergiselschlacht-Logo-1-weiss-Papier3-300x225.png 300w, http:\/\/www.kendo-tirol.com\/site\/wp-content\/uploads\/2025\/09\/Bergiselschlacht-Logo-1-weiss-Papier3-768x576.png 768w, http:\/\/www.kendo-tirol.com\/site\/wp-content\/uploads\/2025\/09\/Bergiselschlacht-Logo-1-weiss-Papier3-1536x1152.png 1536w, http:\/\/www.kendo-tirol.com\/site\/wp-content\/uploads\/2025\/09\/Bergiselschlacht-Logo-1-weiss-Papier3-2048x1535.png 2048w\" sizes=\"auto, (max-width: 767px) 89vw, (max-width: 1000px) 54vw, (max-width: 1071px) 543px, 580px\" \/><\/figure>\n\n\n\n<h4 class=\"wp-block-heading has-text-align-center\">Bitte finden Sie alle relevanten Informationen zum Turnier in der offiziellen Einladung (PDF) <span style=\"color: #ff0000;\">[Sept.2026]<\/span><\/h4>\n\n\n\n<h4 class=\"wp-block-heading has-text-align-center\">Bitte finden Sie hier zum Herunterladen das offizielle Anmeldeformular (XLS) <span style=\"color: #ff0000;\">[Sept.2026]<\/span><\/h4>\n\n\n\n<figure class=\"wp-block-table\"><table><tbody><tr><td class=\"has-text-align-center\" data-align=\"center\">Ort<br><a href=\"https:\/\/goo.gl\/maps\/7Wnfe64BDoz\" target=\"_blank\" rel=\"noopener noreferrer\">(Karte)<\/a><\/td><td class=\"has-text-align-center\" data-align=\"center\"><strong>Landessportcenter (LSC) Tirol, Innsbruck<\/strong><\/td><\/tr><tr><td class=\"has-text-align-center\" data-align=\"center\">Zeitplan<\/td><td class=\"has-text-align-center\" data-align=\"center\"><strong>Samstag, 14. November 2026, 08:00h (Hallen\u00f6ffnung)<\/strong><br>Einzelwettk\u00e4mpfe (Kyu und Dan getrennt)<br><strong>Sonntag, 15. November 2026, 08:00h (Hallen\u00f6ffnung)<br><\/strong>Teamwettk\u00e4mpfe (5er-Teams)<\/td><\/tr><tr><td class=\"has-text-align-center\" data-align=\"center\">Kosten<\/td><td class=\"has-text-align-center\" data-align=\"center\"><strong>Wettk\u00e4mpfe (inkl. Lunchpaket + Obst + Wasser):<\/strong><br>1 Tag: EUR ??\u20ac<br>2 Tage: EUR ??\u20ac<\/td><\/tr><tr><td class=\"has-text-align-center\" data-align=\"center\">\u00dcbernachtung<\/td><td class=\"has-text-align-center\" data-align=\"center\">Verf\u00fcgbare Zimmer im Landessportcenter: 12 Dreibettzimmer, 8 Doppelzimmer (max. 52 Betten)<br><strong>Kosten (pro Person, inkl. Fr\u00fchst\u00fcck + Ortstaxe, exkl. Parken):<\/strong><br>Doppel-\/Dreibettzimmer: EUR ?? (1 Nacht), EUR ?? (2 N\u00e4chte)<br><strong>Vergabe der Zimmer erfolgt in der Reihenfolge der Anmeldung! Ohne fristgerechten Zahlungseingang keine Reservierung!<\/strong><\/td><\/tr><tr><td class=\"has-text-align-center\" data-align=\"center\">Anmeldefrist<\/td><td class=\"has-text-align-center\" data-align=\"center\"><strong><span class=\"small\">30. Oktober 202<\/span>6<\/strong><\/td><\/tr><tr><td class=\"has-text-align-center\" data-align=\"center\">Kontakt<\/td><td class=\"has-text-align-center\" data-align=\"center\">Bitte sende das Anmeldeformular, sowie alle anderen Anfragen zum Turnier an:<br><a href=\"mailto:shiai@kendo-tirol.com\">shiai@kendo-tirol.com<\/a><\/td><\/tr><tr><td class=\"has-text-align-center\" data-align=\"center\">Sonstiges<\/td><td class=\"has-text-align-center\" data-align=\"center\"><strong>Der Veranstalter \u00fcbernimmt keinerlei Haftung!<\/strong> Wir bitten um Verst\u00e4ndnis, dass eingezahlte Betr\u00e4ge f\u00fcr Turnierteilnahme und\/oder Unterkunft nicht r\u00fcckerstattet werden k\u00f6nnen.<\/td><\/tr><\/tbody><\/table><\/figure>\n\n\n<div class=\"wp-block-image\">\n<figure class=\"aligncenter size-large\"><a href=\"https:\/\/www.kendo-sport.de\/?gclid=CjwKCAjwrranBhAEEiwAzbhNtefUTlsUWA2EHiEZAKnPZxGMDTOTNQaR_uFyvaX90n04QNWj39HSBxoCit4QAvD_BwE\"><img loading=\"lazy\" decoding=\"async\" width=\"270\" height=\"60\" src=\"https:\/\/www.kendo-tirol.com\/site\/wp-content\/uploads\/2023\/08\/logo_head.png\" alt=\"\" class=\"wp-image-933\"\/><\/a><\/figure>\n<\/div>\n\n<div class=\"wp-block-image\">\n<figure class=\"aligncenter size-large is-resized\"><img loading=\"lazy\" decoding=\"async\" width=\"649\" height=\"1024\" src=\"http:\/\/www.kendo-tirol.com\/site\/wp-content\/uploads\/2025\/09\/AKA-Logo-mit-transparentem-BG-649x1024.png\" alt=\"\" class=\"wp-image-1315\" style=\"width:80px;height:auto\" srcset=\"http:\/\/www.kendo-tirol.com\/site\/wp-content\/uploads\/2025\/09\/AKA-Logo-mit-transparentem-BG-649x1024.png 649w, http:\/\/www.kendo-tirol.com\/site\/wp-content\/uploads\/2025\/09\/AKA-Logo-mit-transparentem-BG-190x300.png 190w, http:\/\/www.kendo-tirol.com\/site\/wp-content\/uploads\/2025\/09\/AKA-Logo-mit-transparentem-BG-768x1212.png 768w, http:\/\/www.kendo-tirol.com\/site\/wp-content\/uploads\/2025\/09\/AKA-Logo-mit-transparentem-BG.png 864w\" sizes=\"auto, (max-width: 649px) 100vw, 649px\" \/><figcaption class=\"wp-element-caption\"><mark style=\"background-color:rgba(0, 0, 0, 0)\" class=\"has-inline-color has-white-color\">Member of Austrian Kendo Association<\/mark><\/figcaption><\/figure>\n<\/div>\n\n<div class=\"wp-block-image\">\n<figure class=\"aligncenter size-large\"><img loading=\"lazy\" decoding=\"async\" width=\"100\" height=\"29\" src=\"https:\/\/www.kendo-tirol.com\/site\/wp-content\/uploads\/2018\/05\/askoe_logo.gif\" alt=\"\" class=\"wp-image-351\"\/><figcaption class=\"wp-element-caption\"><mark style=\"background-color:rgba(0, 0, 0, 0)\" class=\"has-inline-color has-white-color\">Member of ASK\u00d6<\/mark><\/figcaption><\/figure>\n<\/div>\n\n\n<p><\/p>\n","protected":false},"excerpt":{"rendered":"<p>Bergiselschlacht 2026 PLEASE CLICK HERE FOR ENGLISH WEBSITE Bitte finden Sie alle relevanten Informationen zum Turnier in der offiziellen Einladung (PDF) [Sept.2026] Bitte finden Sie hier zum Herunterladen das offizielle Anmeldeformular (XLS) [Sept.2026] Ort(Karte) Landessportcenter (LSC) Tirol, Innsbruck Zeitplan Samstag, 14. November 2026, 08:00h (Hallen\u00f6ffnung)Einzelwettk\u00e4mpfe (Kyu und Dan getrennt)Sonntag, 15. November 2026, 08:00h (Hallen\u00f6ffnung)Teamwettk\u00e4mpfe (5er-Teams) &hellip; <\/p>\n<p class=\"link-more\"><a href=\"http:\/\/www.kendo-tirol.com\/site\/bergiselschlacht\/\" class=\"more-link\"><span class=\"screen-reader-text\">\u201eXIV. Bergiselschlacht 2026\u201c <\/span>weiterlesen<\/a><\/p>\n","protected":false},"author":1,"featured_media":0,"parent":0,"menu_order":0,"comment_status":"closed","ping_status":"closed","template":"","meta":{"pgc_sgb_lightbox_settings":"","footnotes":""},"class_list":["post-53","page","type-page","status-publish","hentry"],"_links":{"self":[{"href":"http:\/\/www.kendo-tirol.com\/site\/wp-json\/wp\/v2\/pages\/53","targetHints":{"allow":["GET"]}}],"collection":[{"href":"http:\/\/www.kendo-tirol.com\/site\/wp-json\/wp\/v2\/pages"}],"about":[{"href":"http:\/\/www.kendo-tirol.com\/site\/wp-json\/wp\/v2\/types\/page"}],"author":[{"embeddable":true,"href":"http:\/\/www.kendo-tirol.com\/site\/wp-json\/wp\/v2\/users\/1"}],"replies":[{"embeddable":true,"href":"http:\/\/www.kendo-tirol.com\/site\/wp-json\/wp\/v2\/comments?post=53"}],"version-history":[{"count":89,"href":"http:\/\/www.kendo-tirol.com\/site\/wp-json\/wp\/v2\/pages\/53\/revisions"}],"predecessor-version":[{"id":1443,"href":"http:\/\/www.kendo-tirol.com\/site\/wp-json\/wp\/v2\/pages\/53\/revisions\/1443"}],"wp:attachment":[{"href":"http:\/\/www.kendo-tirol.com\/site\/wp-json\/wp\/v2\/media?parent=53"}],"curies":[{"name":"wp","href":"https:\/\/api.w.org\/{rel}","templated":true}]}}