{"id":32,"date":"2018-05-07T18:29:39","date_gmt":"2018-05-07T16:29:39","guid":{"rendered":"http:\/\/www.kendo-tirol.com\/site\/?page_id=32"},"modified":"2018-05-28T22:30:09","modified_gmt":"2018-05-28T20:30:09","slug":"f-a-q","status":"publish","type":"page","link":"http:\/\/www.kendo-tirol.com\/site\/ueber-uns\/f-a-q\/","title":{"rendered":"F.A.Q."},"content":{"rendered":"<div class=\"hrf-faq-list\"><article class=\"hrf-entry\" id=\"hrf-entry-386\">\n                      <h3 class=\"hrf-title close-faq\" data-content-id=\"hrf-content-386\"><span><\/span>Ich bin interessiert an Kendo. Kann ich beim Training einmal zusehen?<\/h3>\n                     <div class=\"hrf-content\" id=\"hrf-content-386\"><p><strong><span style=\"color: #d9d9d9;\">Immer gerne! Man kann jederzeit w\u00e4hrend unserer Trainings zum Zuschauen vorbeikommen. Aus organisatorischen Gr\u00fcnden empfiehlt sich jedoch ein Zuschauen an einem Donnerstag. Die aktuellen Zeiten und Orte findet man im <a style=\"color: #d9d9d9;\" href=\"http:\/\/www.kendo-tirol.com\/site\/ueber-uns\/kalender\/\">Kalender<\/a>.<\/span><\/strong><\/p>\n<\/div>\n                  <\/article><article class=\"hrf-entry\" id=\"hrf-entry-387\">\n                      <h3 class=\"hrf-title close-faq\" data-content-id=\"hrf-content-387\"><span><\/span>Kann man auch ein Probetraining absolvieren?<\/h3>\n                     <div class=\"hrf-content\" id=\"hrf-content-387\"><p><span style=\"color: #d9d9d9;\"><strong>Wenn man aktiv mitmachen m\u00f6chte, bietet sich die Teilnahme an unserem <a style=\"color: #d9d9d9;\" href=\"http:\/\/www.kendo-tirol.com\/site\/ueber-uns\/anfaengerkurs\/\">Anf\u00e4ngerkurs<\/a> f\u00fcr eine optimale Einstiegsm\u00f6glichkeit ins Kendo an. Probetrainings au\u00dferhalb der Anf\u00e4ngerkurse bieten wir aus organisatorischen Gr\u00fcnden \u00fcblicherweise nicht an. Sie k\u00f6nnen sich aber gerne diesbez\u00fcglich per eMail an unseren <a style=\"color: #d9d9d9;\" href=\"http:\/\/www.kendo-tirol.com\/site\/ueber-uns\/vorstand-kontakt\/\">Vorstand<\/a> wenden.<\/strong><\/span><\/p>\n<\/div>\n                  <\/article><article class=\"hrf-entry\" id=\"hrf-entry-388\">\n                      <h3 class=\"hrf-title close-faq\" data-content-id=\"hrf-content-388\"><span><\/span>Gibt es auch Trainingsm\u00f6glichkeiten f\u00fcr Kinder?<\/h3>\n                     <div class=\"hrf-content\" id=\"hrf-content-388\"><p><span style=\"color: #d9d9d9;\"><strong>Wir bieten derzeit kein eigenes Kindertraining an. Kinder und Jugendliche ab 12 Jahren \u2013 entsprechende k\u00f6rperliche und geistige Reife vorausgesetzt \u2013 k\u00f6nnen aber an unseren <a style=\"color: #d9d9d9;\" href=\"http:\/\/www.kendo-tirol.com\/site\/ueber-uns\/anfaengerkurs\/\">Anf\u00e4ngerkursen<\/a> und in weiterer Folge an den Erwachsenentrainings teilnehmen.<\/strong><\/span><\/p>\n<\/div>\n                  <\/article><article class=\"hrf-entry\" id=\"hrf-entry-389\">\n                      <h3 class=\"hrf-title close-faq\" data-content-id=\"hrf-content-389\"><span><\/span>Ich habe den Einstieg in den Anf\u00e4ngerkurs verpasst. Gibt es eine M\u00f6glichkeit, auch zu einem sp\u00e4teren Zeitpunkt ins Kendo einzusteigen?<\/h3>\n                     <div class=\"hrf-content\" id=\"hrf-content-389\"><p><span style=\"color: #d9d9d9;\"><strong>Ja! Innerhalb von 4 Wochen ab Start des <a style=\"color: #d9d9d9;\" href=\"http:\/\/www.kendo-tirol.com\/site\/ueber-uns\/anfaengerkurs\/\">Anf\u00e4ngerkurses<\/a> ist ein Einstieg problemlos m\u00f6glich, da speziell am Anfang wichtige Trainingsinhalte oft wiederholt werden. Ein sp\u00e4terer Einstieg macht es naturgem\u00e4\u00df schwieriger dort mitzuhalten, da die anderen regelm\u00e4\u00dfig trainierenden Kursteilnehmer einen entsprechenden Vorsprung haben. Sie k\u00f6nnen sich aber gerne diesbez\u00fcglich per eMail an unseren <a style=\"color: #d9d9d9;\" href=\"http:\/\/www.kendo-tirol.com\/site\/ueber-uns\/vorstand-kontakt\/\">Vorstand<\/a> wenden.<\/strong><\/span><\/p>\n<\/div>\n                  <\/article><article class=\"hrf-entry\" id=\"hrf-entry-390\">\n                      <h3 class=\"hrf-title close-faq\" data-content-id=\"hrf-content-390\"><span><\/span>Welche Ausr\u00fcstung ben\u00f6tige ich zur Teilnahme am Anf\u00e4ngerkurs?<\/h3>\n                     <div class=\"hrf-content\" id=\"hrf-content-390\"><p><strong><span style=\"color: #d9d9d9;\">Neben der Kursgeb\u00fchr ist eine lockere (!) Sportbekleidung (z.B. T-Shirt und Jogginghose) n\u00f6tig. Wenn man einen Gi von anderen Budo-Sportarten besitzt, kann man diesen nat\u00fcrlich auch gern verwenden. Ein Getr\u00e4nk f\u00fcr die Trinkpausen und Duschsachen (falls man nach dem Training vor Ort duschen m\u00f6chte) sind von Vorteil. Das Shinai (Bambusschwert) wird bis zum Erwerb der eigenen Ausr\u00fcstung vom Verein gestellt. Schuhe werden nicht ben\u00f6tigt, da man barfu\u00df trainiert.<\/span><\/strong><\/p>\n<\/div>\n                  <\/article><article class=\"hrf-entry\" id=\"hrf-entry-391\">\n                      <h3 class=\"hrf-title close-faq\" data-content-id=\"hrf-content-391\"><span><\/span>Welche Kosten fallen an?<\/h3>\n                     <div class=\"hrf-content\" id=\"hrf-content-391\"><p><strong><span style=\"color: #d9d9d9;\">Die Kosten f\u00fcr den Anf\u00e4ngerkurs finden Sie <a style=\"color: #d9d9d9;\" href=\"http:\/\/www.kendo-tirol.com\/site\/ueber-uns\/anfaengerkurs\/\">HIER<\/a>. Im Anschluss an den Kurs wird nur der regul\u00e4re Vereinsbeitritt n\u00f6tig. Die Kosten hierf\u00fcr findet man unter <a style=\"color: #d9d9d9;\" href=\"http:\/\/www.kendo-tirol.com\/site\/ueber-uns\/mitgliedschaft\/\">Mitgliedschaft<\/a>.<\/span><\/strong><\/p>\n<\/div>\n                  <\/article><article class=\"hrf-entry\" id=\"hrf-entry-392\">\n                      <h3 class=\"hrf-title close-faq\" data-content-id=\"hrf-content-392\"><span><\/span>Spielt das Alter eine Rolle, wenn man mit Kendo anfangen m\u00f6chte?<\/h3>\n                     <div class=\"hrf-content\" id=\"hrf-content-392\"><p><strong><span style=\"color: #d9d9d9;\">Gruns\u00e4tzlich nein! Man kann praktisch in jedem Alter mit Kendo beginnen. Eine Teilnahme an unseren Trainings ist jedoch aus Gr\u00fcnden der Trainingsgestaltung erst ab 12 Jahren m\u00f6glich\/sinnvoll. Im Einzelfall\/f\u00fcr Ausnahmen k\u00f6nnen Sie sich aber gerne per eMail an unseren <a style=\"color: #d9d9d9;\" href=\"http:\/\/www.kendo-tirol.com\/site\/ueber-uns\/vorstand-kontakt\/\">Vorstand<\/a> wenden.<\/span><\/strong><\/p>\n<\/div>\n                  <\/article><article class=\"hrf-entry\" id=\"hrf-entry-393\">\n                      <h3 class=\"hrf-title close-faq\" data-content-id=\"hrf-content-393\"><span><\/span>Gibt es medizinische Indikationen, die gegen die Aus\u00fcbung von Kendo sprechen?<\/h3>\n                     <div class=\"hrf-content\" id=\"hrf-content-393\"><p><strong><span style=\"color: #d9d9d9;\">In der Regel nicht. Kendo kann auch von vielen Personen mit k\u00f6rperlichen Einschr\u00e4nkungen ausge\u00fcbt werden. Im Zweifelsfall sollten aber Arzt und Trainer befragt werden.<\/span><\/strong><\/p>\n<\/div>\n                  <\/article><article class=\"hrf-entry\" id=\"hrf-entry-394\">\n                      <h3 class=\"hrf-title close-faq\" data-content-id=\"hrf-content-394\"><span><\/span>Welche Ausr\u00fcstungskosten erwarten mich, wenn ich mich dazu entscheide, Kendo dauerhaft betreiben zu wollen?<\/h3>\n                     <div class=\"hrf-content\" id=\"hrf-content-394\"><p><strong><span style=\"color: #d9d9d9;\">Man ben\u00f6tigt zu Beginn ein eigenes Shinai (Bambusschwert, ab 30 Euro) und ein Uniform-Set, bestehend aus Hakama (Hosenrock) und Keiko-Gi (Kendojacke). Setpreise beginnen ab 120 Euro. Au\u00dferdem wird f\u00fcr die Kata ein Bokken\/Bokuto (Holzschwert, ab 25 Euro) ben\u00f6tigt. Nach regelm\u00e4\u00dfigem Training \u00fcber einen l\u00e4ngeren Zeitraum (ca. 9 \u2013 12 Monate) kommt man bei entsprechendem Leistungsstand in die Bogu (R\u00fcstung). Vereinseigene Leihr\u00fcstungen sind begrenzt vorhanden und k\u00f6nnen befristet ausgeliehen werden. Es bietet sich in weiterer Folge der Kauf einer eigenen R\u00fcstung vor allem aufgrund der individuellen Ma\u00dfe an. Die Preise f\u00fcr eine Bogu beginnen ab 600 Euro. Au\u00dferdem ist es sinnvoll, ein bis zwei Ersatzshinai zu haben, da aufgrund der Beanspruchung des Bambus im Training irgendwann die Streben zu Bruch gehen und entsprechender Ersatz greifbar sein sollte.<\/span><\/strong><\/p>\n<\/div>\n                  <\/article><article class=\"hrf-entry\" id=\"hrf-entry-395\">\n                      <h3 class=\"hrf-title close-faq\" data-content-id=\"hrf-content-395\"><span><\/span>Woher kann ich entsprechendes Ausr\u00fcstungs-Material beziehen?<\/h3>\n                     <div class=\"hrf-content\" id=\"hrf-content-395\"><p><strong><span style=\"color: #d9d9d9;\">Es werden etwa 2x j\u00e4hrlich Sammelbestellungen durch Vereinsmitglieder organisiert, bei denen Materialien bezogen werden k\u00f6nnen. Es besteht andererseits aber auch die M\u00f6glichkeit, sich das ben\u00f6tigte Material selbstst\u00e4ndig \u00fcber eine Vielzahl von Anbietern innerhalb und au\u00dferhalb Europas zu bestellen.<\/span><\/strong><\/p>\n<\/div>\n                  <\/article><article class=\"hrf-entry\" id=\"hrf-entry-396\">\n                      <h3 class=\"hrf-title close-faq\" data-content-id=\"hrf-content-396\"><span><\/span>Kann man den Verein f\u00fcr einen Auftritt (z.B. als \u201eShowact\u201c bei einer Veranstaltung) engagieren?<\/h3>\n                     <div class=\"hrf-content\" id=\"hrf-content-396\"><p><strong><span style=\"color: #d9d9d9;\">Grunds\u00e4tzlich ja. Wir haben in der Vergangenheit sch\u00f6n \u00f6fters unsere Kampfkunst mittels Vorf\u00fchrungen bei diversen Veranstaltungen pr\u00e4sentiert. Allerdings h\u00e4ngt eine Teilnahme von verschiedenen Faktoren ab. Schreiben Sie bei Interesse bitte eine eMail an den <a style=\"color: #d9d9d9;\" href=\"http:\/\/www.kendo-tirol.com\/site\/ueber-uns\/vorstand-kontakt\/\">Vorstand<\/a>.<\/span><\/strong><\/p>\n<\/div>\n                  <\/article><article class=\"hrf-entry\" id=\"hrf-entry-397\">\n                      <h3 class=\"hrf-title close-faq\" data-content-id=\"hrf-content-397\"><span><\/span>Bietet der Verein die M\u00f6glichkeit von (bezahlten) Privattrainings an?<\/h3>\n                     <div class=\"hrf-content\" id=\"hrf-content-397\"><p><span style=\"color: #d9d9d9;\"><strong>Nein.<\/strong><\/span><\/p>\n<\/div>\n                  <\/article><article class=\"hrf-entry\" id=\"hrf-entry-459\">\n                      <h3 class=\"hrf-title close-faq\" data-content-id=\"hrf-content-459\"><span><\/span>Gibt es im Kendo\/Iaido auch Pr\u00fcfungen?<\/h3>\n                     <div class=\"hrf-content\" id=\"hrf-content-459\"><p><span style=\"color: #d9d9d9;\"><strong>Ja. Kendo Tirol veranstaltet \u00fcblicherweise 2x pro Jahr Kyupr\u00fcfungen (also Pr\u00fcfungen f\u00fcr die Sch\u00fclerr\u00e4nge), bei denen unsere Mitglieder und Mitglieder anderer Vereine antreten k\u00f6nnen. Pr\u00fcfungen f\u00fcr eine Dangraduierung (vergleichbar mit &#8222;Schwarzgurten&#8220; in anderen Budodisziplinen) k\u00f6nnen nur au\u00dferhalb des Vereins absolviert werden.<\/strong><\/span><\/p>\n<p><span style=\"color: #d9d9d9;\"><strong>Im Gegensatz zu vielen anderen Budosportarten sind im Kendo und Iaido die Graduierungen jedoch nicht an \u00e4u\u00dferlichen Merkmalen (z.B. farbigen Gurten) erkennbar.<\/strong><\/span><\/p>\n<\/div>\n                  <\/article><article class=\"hrf-entry\" id=\"hrf-entry-398\">\n                      <h3 class=\"hrf-title close-faq\" data-content-id=\"hrf-content-398\"><span><\/span>Meine Frage scheint hier nicht auf. Wie komme ich an eine Antwort?<\/h3>\n                     <div class=\"hrf-content\" id=\"hrf-content-398\"><p><strong><span style=\"color: #d9d9d9;\">Schreiben Sie eine eMail an den <a style=\"color: #d9d9d9;\" href=\"http:\/\/www.kendo-tirol.com\/site\/ueber-uns\/vorstand-kontakt\/\">Vorstand<\/a>. Man wird Ihnen gerne mit Ihrem Anliegen behilflich sein.<\/span><\/strong><\/p>\n<\/div>\n                  <\/article><\/div>\n","protected":false},"excerpt":{"rendered":"","protected":false},"author":1,"featured_media":0,"parent":20,"menu_order":0,"comment_status":"closed","ping_status":"closed","template":"","meta":{"pgc_sgb_lightbox_settings":"","footnotes":""},"class_list":["post-32","page","type-page","status-publish","hentry"],"_links":{"self":[{"href":"http:\/\/www.kendo-tirol.com\/site\/wp-json\/wp\/v2\/pages\/32","targetHints":{"allow":["GET"]}}],"collection":[{"href":"http:\/\/www.kendo-tirol.com\/site\/wp-json\/wp\/v2\/pages"}],"about":[{"href":"http:\/\/www.kendo-tirol.com\/site\/wp-json\/wp\/v2\/types\/page"}],"author":[{"embeddable":true,"href":"http:\/\/www.kendo-tirol.com\/site\/wp-json\/wp\/v2\/users\/1"}],"replies":[{"embeddable":true,"href":"http:\/\/www.kendo-tirol.com\/site\/wp-json\/wp\/v2\/comments?post=32"}],"version-history":[{"count":15,"href":"http:\/\/www.kendo-tirol.com\/site\/wp-json\/wp\/v2\/pages\/32\/revisions"}],"predecessor-version":[{"id":399,"href":"http:\/\/www.kendo-tirol.com\/site\/wp-json\/wp\/v2\/pages\/32\/revisions\/399"}],"up":[{"embeddable":true,"href":"http:\/\/www.kendo-tirol.com\/site\/wp-json\/wp\/v2\/pages\/20"}],"wp:attachment":[{"href":"http:\/\/www.kendo-tirol.com\/site\/wp-json\/wp\/v2\/media?parent=32"}],"curies":[{"name":"wp","href":"https:\/\/api.w.org\/{rel}","templated":true}]}}