{"id":29,"date":"2018-05-07T18:29:38","date_gmt":"2018-05-07T16:29:38","guid":{"rendered":"http:\/\/www.kendo-tirol.com\/site\/?page_id=29"},"modified":"2026-05-06T13:32:46","modified_gmt":"2026-05-06T11:32:46","slug":"mitgliedschaft","status":"publish","type":"page","link":"http:\/\/www.kendo-tirol.com\/site\/ueber-uns\/mitgliedschaft\/","title":{"rendered":"Mitgliedschaft"},"content":{"rendered":"<h3>Ordentliche Mitgliedschaft<\/h3>\n<p>Wenn Sie unserem Verein als <strong>ordentliches Mitglied<\/strong> aufgenommen werden m\u00f6chten, k\u00f6nnen Sie hier den Antrag herunterladen. Die Originalformulare k\u00f6nnen dann im Training beim <a href=\"http:\/\/www.kendo-tirol.com\/site\/ueber-uns\/vorstand-kontakt\/\">Vorstand<\/a> abgegeben werden.<\/p>\n<p><a href=\"http:\/\/www.kendo-tirol.com\/site\/wp-content\/uploads\/2026\/05\/20260506_Aufnahmeantrag.pdf\">Aufnahmeantrag (PDF)<\/a><\/p>\n<hr \/>\n<h3>Au\u00dferordentliche Mitgliedschaft\/Sponsoring<\/h3>\n<p>Wenn Sie unseren Verein als <strong>au\u00dferordentliches Mitglied<\/strong> oder <strong>Sponsor<\/strong> finanziell oder materiell unterst\u00fctzen m\u00f6chten, k\u00f6nnen Sie sich gerne an den <a href=\"http:\/\/www.kendo-tirol.com\/site\/ueber-uns\/vorstand-kontakt\/\">Vorstand<\/a> wenden.<\/p>\n<hr \/>\n<h3>Beitr\u00e4ge Ordentliche Mitgliedschaft<\/h3>\n<table class=\"noborder\">\n<thead>\n<tr>\n<th>monatlich<\/th>\n<th>halbj\u00e4hrlich<\/th>\n<th>j\u00e4hrlich<\/th>\n<\/tr>\n<\/thead>\n<tbody>\n<tr>\n<td style=\"padding-bottom: 0px;\" colspan=\"3\">Kinder (bis vor dem 16. Geburtstag)<\/td>\n<\/tr>\n<tr>\n<td>EUR 10<\/td>\n<td>EUR 48<\/td>\n<td>EUR 84<\/td>\n<\/tr>\n<tr>\n<td style=\"padding-bottom: 0px;\" colspan=\"3\">Jugendliche (ab dem 16. Geburtstag) \/ Erwachsene<\/td>\n<\/tr>\n<tr>\n<td>EUR 20<\/td>\n<td>EUR 96<\/td>\n<td>EUR 168<\/td>\n<\/tr>\n<\/tbody>\n<tfoot>\n<tr>\n<td colspan=\"3\">Aufgrund der Mitgliedschaft im <a href=\"http:\/\/www.kendo-austria.at\">\u00d6sterreichischen Fachverband f\u00fcr Kendo, Iaido und artverwandte Kampfk\u00fcnste (AKA)<\/a> werden zus\u00e4tzlich zur Mitgliedschaft pro Jahr EUR 39,00 (Jugendliche vor dem 18. Geburtstag: EUR 17,00) f\u00e4llig.<\/td>\n<\/tr>\n<\/tfoot>\n<\/table>\n<p><span style=\"f0nt-size: small; color: #888;\">Stand: 06\/05\/2026<\/span><\/p>\n\n\n<p><\/p>\n","protected":false},"excerpt":{"rendered":"<p>Ordentliche Mitgliedschaft Wenn Sie unserem Verein als ordentliches Mitglied aufgenommen werden m\u00f6chten, k\u00f6nnen Sie hier den Antrag herunterladen. Die Originalformulare k\u00f6nnen dann im Training beim Vorstand abgegeben werden. Aufnahmeantrag (PDF) Au\u00dferordentliche Mitgliedschaft\/Sponsoring Wenn Sie unseren Verein als au\u00dferordentliches Mitglied oder Sponsor finanziell oder materiell unterst\u00fctzen m\u00f6chten, k\u00f6nnen Sie sich gerne an den Vorstand wenden. Beitr\u00e4ge &hellip; <\/p>\n<p class=\"link-more\"><a href=\"http:\/\/www.kendo-tirol.com\/site\/ueber-uns\/mitgliedschaft\/\" class=\"more-link\"><span class=\"screen-reader-text\">\u201eMitgliedschaft\u201c <\/span>weiterlesen<\/a><\/p>\n","protected":false},"author":1,"featured_media":0,"parent":20,"menu_order":0,"comment_status":"closed","ping_status":"closed","template":"","meta":{"pgc_sgb_lightbox_settings":"","footnotes":""},"class_list":["post-29","page","type-page","status-publish","hentry"],"_links":{"self":[{"href":"http:\/\/www.kendo-tirol.com\/site\/wp-json\/wp\/v2\/pages\/29","targetHints":{"allow":["GET"]}}],"collection":[{"href":"http:\/\/www.kendo-tirol.com\/site\/wp-json\/wp\/v2\/pages"}],"about":[{"href":"http:\/\/www.kendo-tirol.com\/site\/wp-json\/wp\/v2\/types\/page"}],"author":[{"embeddable":true,"href":"http:\/\/www.kendo-tirol.com\/site\/wp-json\/wp\/v2\/users\/1"}],"replies":[{"embeddable":true,"href":"http:\/\/www.kendo-tirol.com\/site\/wp-json\/wp\/v2\/comments?post=29"}],"version-history":[{"count":36,"href":"http:\/\/www.kendo-tirol.com\/site\/wp-json\/wp\/v2\/pages\/29\/revisions"}],"predecessor-version":[{"id":1544,"href":"http:\/\/www.kendo-tirol.com\/site\/wp-json\/wp\/v2\/pages\/29\/revisions\/1544"}],"up":[{"embeddable":true,"href":"http:\/\/www.kendo-tirol.com\/site\/wp-json\/wp\/v2\/pages\/20"}],"wp:attachment":[{"href":"http:\/\/www.kendo-tirol.com\/site\/wp-json\/wp\/v2\/media?parent=29"}],"curies":[{"name":"wp","href":"https:\/\/api.w.org\/{rel}","templated":true}]}}