{"id":27,"date":"2018-05-07T18:29:38","date_gmt":"2018-05-07T16:29:38","guid":{"rendered":"http:\/\/www.kendo-tirol.com\/site\/?page_id=27"},"modified":"2022-02-19T15:47:23","modified_gmt":"2022-02-19T14:47:23","slug":"kalender","status":"publish","type":"page","link":"http:\/\/www.kendo-tirol.com\/site\/ueber-uns\/kalender\/","title":{"rendered":"Kalender"},"content":{"rendered":"<p>Alle aktuellen Trainingszeiten und -ausf\u00e4lle, sowie weitere Termine (auch \u00f6sterreichweit) finden sich in unserem Kalender:<\/p>\n<p><iframe loading=\"lazy\" style=\"border-width: 0;\" src=\"https:\/\/www.google.com\/calendar\/embed?showPrint=0&amp;height=400&amp;wkst=2&amp;bgcolor=%23FFFFFF&amp;src=verein.kendo.tirol%40gmail.com&amp;ctz=Europe%2FVienna&amp;color=%231B887A&amp;src=austriankendoassociation%40gmail.com&amp;ctz=Europe%2FVienna\" scrolling=\"no\" width=\"850\" height=\"600\" frameborder=\"0\"><\/iframe><\/p>\n<p><!--<iframe loading=\"lazy\" style=\"border-width: 0;\" src=\"\/Kendo%20Tirol%20Kalender.html?showPrint=0&amp;height=600&amp;wkst=2&amp;bgcolor=%23FFFFFF&amp;src=5s3ng1janparde9fvv9thone3o%40group.calendar.google.com&amp;color=%231B887A&amp;src=nrjffrgpeclt9fh4kmetujvbhg%40group.calendar.google.com&amp;color=%23A32929&amp;ctz=Europe%2FVienna\" width=\"850\" height=\"600\" frameborder=\"0\" scrolling=\"no\"><span style=\"display: inline-block; width: 0px; overflow: hidden; line-height: 0;\" data-mce-type=\"bookmark\" class=\"mce_SELRES_start\"><\/span><\/iframe>--><\/p>\n<h4>Prinzipielle Trainingstermine<\/h4>\n<p>Wir trainieren am Dienstag (KENDO Kata und Training) und Donnerstag (IAIDO, KENDO Kata und Training). <a href=\"http:\/\/www.kendo-tirol.com\/site\/ueber-uns\/anfaengerkurs\/\">Anf\u00e4ngerkurse<\/a> finden \u00fcblicherweise am Donnerstag statt.<\/p>\n<h4>Trainingsorte<\/h4>\n<dl>\n<dt>Regul\u00e4r:<\/dt>\n<dd>BORG Innsbruck, Obere Sporthalle, Fallmerayerstra\u00dfe 7, Innsbruck<\/dd>\n<dd><iframe loading=\"lazy\" style=\"border: 0;\" src=\"https:\/\/www.google.com\/maps\/embed?pb=!1m18!1m12!1m3!1d2707.6038688260883!2d11.390392916008986!3d47.26344887916353!2m3!1f0!2f0!3f0!3m2!1i1024!2i768!4f13.1!3m3!1m2!1s0x479d6be4968529e3%3A0x9bc3bb9c976f61f5!2sBORG+Innsbruck!5e0!3m2!1sde!2sus!4v1526030136336\" allowfullscreen=\"allowfullscreen\" width=\"100%\" height=\"250\" frameborder=\"0\"><\/iframe><\/dd>\n<dt>W\u00e4hrend der (Schul-)Sommerferien:<\/dt>\n<dd>Landessportcenter, 1\/3 Halle, Olympiastra\u00dfe 10a, Innsbruck<\/dd>\n<dd><iframe loading=\"lazy\" style=\"border: 0;\" src=\"https:\/\/www.google.com\/maps\/embed?pb=!1m14!1m8!1m3!1d5415.848245254981!2d11.411388!3d47.257187!3m2!1i1024!2i768!4f13.1!3m3!1m2!1s0x479d69434660b939%3A0x2d2bf1492626160d!2sOlympiastra%C3%9Fe+10a%2C+6020+Innsbruck!5e0!3m2!1sde!2sat!4v1526029958283\" allowfullscreen=\"allowfullscreen\" width=\"100%\" height=\"250\" frameborder=\"0\"><\/iframe><\/dd>\n<\/dl>\n<p style=\"text-align: center;\">Wir freuen uns auf Euer kommen!<\/p>\n","protected":false},"excerpt":{"rendered":"<p>Alle aktuellen Trainingszeiten und -ausf\u00e4lle, sowie weitere Termine (auch \u00f6sterreichweit) finden sich in unserem Kalender: Prinzipielle Trainingstermine Wir trainieren am Dienstag (KENDO Kata und Training) und Donnerstag (IAIDO, KENDO Kata und Training). Anf\u00e4ngerkurse finden \u00fcblicherweise am Donnerstag statt. Trainingsorte Regul\u00e4r: BORG Innsbruck, Obere Sporthalle, Fallmerayerstra\u00dfe 7, Innsbruck W\u00e4hrend der (Schul-)Sommerferien: Landessportcenter, 1\/3 Halle, Olympiastra\u00dfe 10a, &hellip; <\/p>\n<p class=\"link-more\"><a href=\"http:\/\/www.kendo-tirol.com\/site\/ueber-uns\/kalender\/\" class=\"more-link\"><span class=\"screen-reader-text\">\u201eKalender\u201c <\/span>weiterlesen<\/a><\/p>\n","protected":false},"author":1,"featured_media":0,"parent":20,"menu_order":0,"comment_status":"closed","ping_status":"closed","template":"","meta":{"pgc_sgb_lightbox_settings":"","footnotes":""},"class_list":["post-27","page","type-page","status-publish","hentry"],"_links":{"self":[{"href":"http:\/\/www.kendo-tirol.com\/site\/wp-json\/wp\/v2\/pages\/27","targetHints":{"allow":["GET"]}}],"collection":[{"href":"http:\/\/www.kendo-tirol.com\/site\/wp-json\/wp\/v2\/pages"}],"about":[{"href":"http:\/\/www.kendo-tirol.com\/site\/wp-json\/wp\/v2\/types\/page"}],"author":[{"embeddable":true,"href":"http:\/\/www.kendo-tirol.com\/site\/wp-json\/wp\/v2\/users\/1"}],"replies":[{"embeddable":true,"href":"http:\/\/www.kendo-tirol.com\/site\/wp-json\/wp\/v2\/comments?post=27"}],"version-history":[{"count":25,"href":"http:\/\/www.kendo-tirol.com\/site\/wp-json\/wp\/v2\/pages\/27\/revisions"}],"predecessor-version":[{"id":655,"href":"http:\/\/www.kendo-tirol.com\/site\/wp-json\/wp\/v2\/pages\/27\/revisions\/655"}],"up":[{"embeddable":true,"href":"http:\/\/www.kendo-tirol.com\/site\/wp-json\/wp\/v2\/pages\/20"}],"wp:attachment":[{"href":"http:\/\/www.kendo-tirol.com\/site\/wp-json\/wp\/v2\/media?parent=27"}],"curies":[{"name":"wp","href":"https:\/\/api.w.org\/{rel}","templated":true}]}}