{"id":20,"date":"2018-05-06T21:40:27","date_gmt":"2018-05-06T19:40:27","guid":{"rendered":"http:\/\/www.kendo-tirol.com\/site\/?page_id=20"},"modified":"2018-05-28T08:30:34","modified_gmt":"2018-05-28T06:30:34","slug":"ueber-uns","status":"publish","type":"page","link":"http:\/\/www.kendo-tirol.com\/site\/ueber-uns\/","title":{"rendered":"\u00dcber uns"},"content":{"rendered":"<p>Der Verein &#8222;Kendo Tirol &#8211; Verein f\u00fcr japanischen Schwertkampf&#8220; wurde im Jahr 2005 mit dem Ziel gegr\u00fcndet, die Pflege und Aus\u00fcbung des japanischen Schwertkampfs in Tirol zu erm\u00f6glichen.<\/p>\n<p>Mittlerweile geh\u00f6ren wir zu den gr\u00f6\u00dften Vereinen \u00d6sterreichs auf diesem Gebiet und trainieren in den Disziplinen KENDO (Japanischer Schwertkampf) und IAIDO (Japanische Kunst das Schwert zu ziehen und zu f\u00fchren).<\/p>\n<p>Neben dem Training nehmen unsere Mitglieder auch regelm\u00e4\u00dfig an Seminaren und Wettk\u00e4mpfen (u.a. auch Welt- und Europameisterschaften) im In- und Ausland teil. Zudem f\u00fchren wird 2x j\u00e4hrlich Kyupr\u00fcfungen durch.<\/p>\n<p>Um Interessenten einen optimalen Einstieg in die faszinierende Welt des japanischen Schwertkampfs zu bieten, f\u00fchren wir 2x j\u00e4hrlich einen <a href=\"http:\/\/www.kendo-tirol.com\/site\/ueber-uns\/anfaengerkurs\/\">Anf\u00e4ngerkurs<\/a> durch.<\/p>\n<p>Unser j\u00e4hrlicher H\u00f6hepunkt ist die Veranstaltung der <a href=\"http:\/\/www.kendo-tirol.com\/site\/bergiselschlacht\/\">Bergiselschlacht<\/a>, eines internationalen Kendo-Turniers, das allj\u00e4hrlich im November in Innsbruck stattfindet.<\/p>\n<p>Bei Fragen helfen Ihnen entweder unsere <a href=\"http:\/\/www.kendo-tirol.com\/site\/ueber-uns\/f-a-q\/\">F.A.Q.s<\/a> oder eine eMail an unseren <a href=\"http:\/\/www.kendo-tirol.com\/site\/ueber-uns\/vorstand-kontakt\/\">Vorstand<\/a> weiter.<\/p>\n","protected":false},"excerpt":{"rendered":"<p>Der Verein &#8222;Kendo Tirol &#8211; Verein f\u00fcr japanischen Schwertkampf&#8220; wurde im Jahr 2005 mit dem Ziel gegr\u00fcndet, die Pflege und Aus\u00fcbung des japanischen Schwertkampfs in Tirol zu erm\u00f6glichen. Mittlerweile geh\u00f6ren wir zu den gr\u00f6\u00dften Vereinen \u00d6sterreichs auf diesem Gebiet und trainieren in den Disziplinen KENDO (Japanischer Schwertkampf) und IAIDO (Japanische Kunst das Schwert zu ziehen &hellip; <\/p>\n<p class=\"link-more\"><a href=\"http:\/\/www.kendo-tirol.com\/site\/ueber-uns\/\" class=\"more-link\"><span class=\"screen-reader-text\">\u201e\u00dcber uns\u201c <\/span>weiterlesen<\/a><\/p>\n","protected":false},"author":1,"featured_media":258,"parent":0,"menu_order":0,"comment_status":"closed","ping_status":"closed","template":"","meta":{"pgc_sgb_lightbox_settings":"","footnotes":""},"class_list":["post-20","page","type-page","status-publish","has-post-thumbnail","hentry"],"_links":{"self":[{"href":"http:\/\/www.kendo-tirol.com\/site\/wp-json\/wp\/v2\/pages\/20","targetHints":{"allow":["GET"]}}],"collection":[{"href":"http:\/\/www.kendo-tirol.com\/site\/wp-json\/wp\/v2\/pages"}],"about":[{"href":"http:\/\/www.kendo-tirol.com\/site\/wp-json\/wp\/v2\/types\/page"}],"author":[{"embeddable":true,"href":"http:\/\/www.kendo-tirol.com\/site\/wp-json\/wp\/v2\/users\/1"}],"replies":[{"embeddable":true,"href":"http:\/\/www.kendo-tirol.com\/site\/wp-json\/wp\/v2\/comments?post=20"}],"version-history":[{"count":10,"href":"http:\/\/www.kendo-tirol.com\/site\/wp-json\/wp\/v2\/pages\/20\/revisions"}],"predecessor-version":[{"id":370,"href":"http:\/\/www.kendo-tirol.com\/site\/wp-json\/wp\/v2\/pages\/20\/revisions\/370"}],"wp:featuredmedia":[{"embeddable":true,"href":"http:\/\/www.kendo-tirol.com\/site\/wp-json\/wp\/v2\/media\/258"}],"wp:attachment":[{"href":"http:\/\/www.kendo-tirol.com\/site\/wp-json\/wp\/v2\/media?parent=20"}],"curies":[{"name":"wp","href":"https:\/\/api.w.org\/{rel}","templated":true}]}}