{"id":1457,"date":"2026-01-07T12:22:21","date_gmt":"2026-01-07T11:22:21","guid":{"rendered":"https:\/\/www.kendo-tirol.com\/site\/?page_id=1457"},"modified":"2026-01-23T09:07:22","modified_gmt":"2026-01-23T08:07:22","slug":"trainingsort","status":"publish","type":"page","link":"http:\/\/www.kendo-tirol.com\/site\/trainingsort\/","title":{"rendered":"Trainingsort"},"content":{"rendered":"\n<p>Das Training findet <strong>w\u00e4hrend der Schulzeit<\/strong> (September bis Juni) im BORG Innsbruck statt:<\/p>\n\n\n\n<p>BORG Innsbruck (Obere Sporthalle)<br>Fallmerayerstra\u00dfe 7<br>6020 Innsbruck (nehmt den Haupteingang, dann den Gang rechts in den s\u00fcdlichen Geb\u00e4udebereich. Falls der Haupteingang versperrt ist, nehmt den Nebeneingang zum S\u00fcdfl\u00fcgel. Geht in den ersten Stock und nach der Treppe in den Gang links. Die Garderoben befinden sich auf der rechten Seite, fast am Ende des Gangs.)<\/p>\n\n\n<div class=\"wp-block-image\">\n<figure class=\"alignright\"><img loading=\"lazy\" decoding=\"async\" width=\"1024\" height=\"650\" src=\"http:\/\/www.kendo-tirol.com\/site\/wp-content\/uploads\/2025\/09\/PlanBORG-1024x650.png\" alt=\"\" class=\"wp-image-1329\" srcset=\"http:\/\/www.kendo-tirol.com\/site\/wp-content\/uploads\/2025\/09\/PlanBORG-1024x650.png 1024w, http:\/\/www.kendo-tirol.com\/site\/wp-content\/uploads\/2025\/09\/PlanBORG-300x191.png 300w, http:\/\/www.kendo-tirol.com\/site\/wp-content\/uploads\/2025\/09\/PlanBORG-768x488.png 768w, http:\/\/www.kendo-tirol.com\/site\/wp-content\/uploads\/2025\/09\/PlanBORG-1536x976.png 1536w, http:\/\/www.kendo-tirol.com\/site\/wp-content\/uploads\/2025\/09\/PlanBORG-2048x1301.png 2048w\" sizes=\"auto, (max-width: 767px) 89vw, (max-width: 1000px) 54vw, (max-width: 1071px) 543px, 580px\" \/><\/figure>\n<\/div>\n\n\n<p><\/p>\n\n\n\n<p><\/p>\n\n\n\n<p><\/p>\n\n\n\n<p>In den <strong>Sommerferien<\/strong> (Juli und August) trainineren wir im<\/p>\n\n\n\n<p>Olympia Sport- und Veranstaltungszentrum Innsbruck<br>Olympiastra\u00dfe 10, 6020 Innsbruck <\/p>\n\n\n\n<p>Details zur konkreten Halle, in der das Training stattfindet, werden zeitgerecht bekannt gegeben. <\/p>\n\n\n\n<figure class=\"wp-block-image size-large\"><img loading=\"lazy\" decoding=\"async\" width=\"854\" height=\"1024\" src=\"http:\/\/www.kendo-tirol.com\/site\/wp-content\/uploads\/2026\/01\/Tivoli-854x1024.png\" alt=\"\" class=\"wp-image-1458\" srcset=\"http:\/\/www.kendo-tirol.com\/site\/wp-content\/uploads\/2026\/01\/Tivoli-854x1024.png 854w, http:\/\/www.kendo-tirol.com\/site\/wp-content\/uploads\/2026\/01\/Tivoli-250x300.png 250w, http:\/\/www.kendo-tirol.com\/site\/wp-content\/uploads\/2026\/01\/Tivoli-768x921.png 768w, http:\/\/www.kendo-tirol.com\/site\/wp-content\/uploads\/2026\/01\/Tivoli.png 1189w\" sizes=\"auto, (max-width: 767px) 89vw, (max-width: 1000px) 54vw, (max-width: 1071px) 543px, 580px\" \/><\/figure>\n","protected":false},"excerpt":{"rendered":"<p>Das Training findet w\u00e4hrend der Schulzeit (September bis Juni) im BORG Innsbruck statt: BORG Innsbruck (Obere Sporthalle)Fallmerayerstra\u00dfe 76020 Innsbruck (nehmt den Haupteingang, dann den Gang rechts in den s\u00fcdlichen Geb\u00e4udebereich. Falls der Haupteingang versperrt ist, nehmt den Nebeneingang zum S\u00fcdfl\u00fcgel. Geht in den ersten Stock und nach der Treppe in den Gang links. Die Garderoben &hellip; <\/p>\n<p class=\"link-more\"><a href=\"http:\/\/www.kendo-tirol.com\/site\/trainingsort\/\" class=\"more-link\"><span class=\"screen-reader-text\">\u201eTrainingsort\u201c <\/span>weiterlesen<\/a><\/p>\n","protected":false},"author":4,"featured_media":0,"parent":0,"menu_order":0,"comment_status":"closed","ping_status":"closed","template":"","meta":{"pgc_sgb_lightbox_settings":"","footnotes":""},"class_list":["post-1457","page","type-page","status-publish","hentry"],"_links":{"self":[{"href":"http:\/\/www.kendo-tirol.com\/site\/wp-json\/wp\/v2\/pages\/1457","targetHints":{"allow":["GET"]}}],"collection":[{"href":"http:\/\/www.kendo-tirol.com\/site\/wp-json\/wp\/v2\/pages"}],"about":[{"href":"http:\/\/www.kendo-tirol.com\/site\/wp-json\/wp\/v2\/types\/page"}],"author":[{"embeddable":true,"href":"http:\/\/www.kendo-tirol.com\/site\/wp-json\/wp\/v2\/users\/4"}],"replies":[{"embeddable":true,"href":"http:\/\/www.kendo-tirol.com\/site\/wp-json\/wp\/v2\/comments?post=1457"}],"version-history":[{"count":5,"href":"http:\/\/www.kendo-tirol.com\/site\/wp-json\/wp\/v2\/pages\/1457\/revisions"}],"predecessor-version":[{"id":1473,"href":"http:\/\/www.kendo-tirol.com\/site\/wp-json\/wp\/v2\/pages\/1457\/revisions\/1473"}],"wp:attachment":[{"href":"http:\/\/www.kendo-tirol.com\/site\/wp-json\/wp\/v2\/media?parent=1457"}],"curies":[{"name":"wp","href":"https:\/\/api.w.org\/{rel}","templated":true}]}}