{"id":1255,"date":"2025-09-23T14:33:21","date_gmt":"2025-09-23T12:33:21","guid":{"rendered":"https:\/\/www.kendo-tirol.com\/site\/?page_id=1255"},"modified":"2025-09-26T11:05:50","modified_gmt":"2025-09-26T09:05:50","slug":"was-ist-kendo","status":"publish","type":"page","link":"http:\/\/www.kendo-tirol.com\/site\/was-ist-kendo\/","title":{"rendered":"Was ist Kendo?"},"content":{"rendered":"<div class=\"wp-block-image wp-duotone-grayscale\">\n<figure class=\"aligncenter size-large is-resized\"><img loading=\"lazy\" decoding=\"async\" width=\"517\" height=\"1024\" src=\"http:\/\/www.kendo-tirol.com\/site\/wp-content\/uploads\/2025\/09\/Kendo-Kanji-weiss-mit-transparentem-BG-517x1024.png\" alt=\"\" class=\"wp-image-1309\" style=\"width:141px;height:auto\" srcset=\"http:\/\/www.kendo-tirol.com\/site\/wp-content\/uploads\/2025\/09\/Kendo-Kanji-weiss-mit-transparentem-BG-517x1024.png 517w, http:\/\/www.kendo-tirol.com\/site\/wp-content\/uploads\/2025\/09\/Kendo-Kanji-weiss-mit-transparentem-BG-152x300.png 152w, http:\/\/www.kendo-tirol.com\/site\/wp-content\/uploads\/2025\/09\/Kendo-Kanji-weiss-mit-transparentem-BG-768x1520.png 768w, http:\/\/www.kendo-tirol.com\/site\/wp-content\/uploads\/2025\/09\/Kendo-Kanji-weiss-mit-transparentem-BG-776x1536.png 776w, http:\/\/www.kendo-tirol.com\/site\/wp-content\/uploads\/2025\/09\/Kendo-Kanji-weiss-mit-transparentem-BG-1035x2048.png 1035w, http:\/\/www.kendo-tirol.com\/site\/wp-content\/uploads\/2025\/09\/Kendo-Kanji-weiss-mit-transparentem-BG.png 1136w\" sizes=\"auto, (max-width: 517px) 100vw, 517px\" \/><\/figure>\n<\/div>\n\n\n<p>Kendo (japanisch \u5263\u9053, \u201eWeg des Schwertes\u201c) ist eine moderne japanische Kampfkunst, die aus den Schwertkampftechniken der Samurai hervorgegangen ist. Ihre unmittelbaren Wurzeln liegen im <strong>Kenjutsu<\/strong>, der \u00fcber viele Jahrhunderte gepflegten Kunst des Schwertkampfes mit dem Katana. Um das Training sicherer und zugleich realit\u00e4tsnaher zu gestalten, f\u00fchrten Fechtmeister im 18. und 19. Jahrhundert den Gebrauch von <strong>Shinai<\/strong> (Bambusschwertern) sowie von Schutzausr\u00fcstung, dem sogenannten <strong>B\u014dgu<\/strong>, ein. Damit wurde es m\u00f6glich, Schl\u00e4ge in voller Intensit\u00e4t auszuf\u00fchren, ohne den Partner schwer zu verletzen.<\/p>\n\n\n\n<p>Im Zuge der Modernisierung Japans in der Meiji-Zeit wurde Kendo zunehmend systematisiert und fand Eingang in Institutionen wie Schulen und Polizeieinheiten. Die Praxis diente nicht nur der k\u00f6rperlichen Ausbildung, sondern auch der Vermittlung von Disziplin, geistiger Haltung und traditioneller Etikette. Nach dem Zweiten Weltkrieg war Kendo zun\u00e4chst verboten, da es als Teil der vormals militarisierten Ausbildung galt. Ab den 1950er-Jahren wurde es jedoch in neuer Form als Sport und Erziehungsweg wieder eingef\u00fchrt und verbreitete sich von Japan aus weltweit.<\/p>\n\n\n\n<p>Heute wird Kendo in vielen L\u00e4ndern praktiziert und ist durch den <strong>All Japan Kendo Federation<\/strong> sowie die <strong>International Kendo Federation<\/strong> organisiert. Neben dem sportlichen Wettkampfcharakter bleibt das Ziel des Trainings die Entwicklung von Geist, K\u00f6rper und Charakter im Sinne traditioneller japanischer Werte. Kendo steht somit nicht nur f\u00fcr eine Fechtkunst, sondern auch f\u00fcr einen kulturellen Weg, der historische Wurzeln mit moderner Praxis verbindet.<\/p>\n","protected":false},"excerpt":{"rendered":"<p>Kendo (japanisch \u5263\u9053, \u201eWeg des Schwertes\u201c) ist eine moderne japanische Kampfkunst, die aus den Schwertkampftechniken der Samurai hervorgegangen ist. Ihre unmittelbaren Wurzeln liegen im Kenjutsu, der \u00fcber viele Jahrhunderte gepflegten Kunst des Schwertkampfes mit dem Katana. Um das Training sicherer und zugleich realit\u00e4tsnaher zu gestalten, f\u00fchrten Fechtmeister im 18. und 19. Jahrhundert den Gebrauch von &hellip; <\/p>\n<p class=\"link-more\"><a href=\"http:\/\/www.kendo-tirol.com\/site\/was-ist-kendo\/\" class=\"more-link\"><span class=\"screen-reader-text\">\u201eWas ist Kendo?\u201c <\/span>weiterlesen<\/a><\/p>\n","protected":false},"author":4,"featured_media":0,"parent":0,"menu_order":0,"comment_status":"closed","ping_status":"closed","template":"","meta":{"pgc_sgb_lightbox_settings":"","footnotes":""},"class_list":["post-1255","page","type-page","status-publish","hentry"],"_links":{"self":[{"href":"http:\/\/www.kendo-tirol.com\/site\/wp-json\/wp\/v2\/pages\/1255","targetHints":{"allow":["GET"]}}],"collection":[{"href":"http:\/\/www.kendo-tirol.com\/site\/wp-json\/wp\/v2\/pages"}],"about":[{"href":"http:\/\/www.kendo-tirol.com\/site\/wp-json\/wp\/v2\/types\/page"}],"author":[{"embeddable":true,"href":"http:\/\/www.kendo-tirol.com\/site\/wp-json\/wp\/v2\/users\/4"}],"replies":[{"embeddable":true,"href":"http:\/\/www.kendo-tirol.com\/site\/wp-json\/wp\/v2\/comments?post=1255"}],"version-history":[{"count":2,"href":"http:\/\/www.kendo-tirol.com\/site\/wp-json\/wp\/v2\/pages\/1255\/revisions"}],"predecessor-version":[{"id":1311,"href":"http:\/\/www.kendo-tirol.com\/site\/wp-json\/wp\/v2\/pages\/1255\/revisions\/1311"}],"wp:attachment":[{"href":"http:\/\/www.kendo-tirol.com\/site\/wp-json\/wp\/v2\/media?parent=1255"}],"curies":[{"name":"wp","href":"https:\/\/api.w.org\/{rel}","templated":true}]}}