{"id":1131,"date":"2024-10-11T15:21:53","date_gmt":"2024-10-11T13:21:53","guid":{"rendered":"https:\/\/www.kendo-tirol.com\/site\/?page_id=1131"},"modified":"2025-10-25T18:54:36","modified_gmt":"2025-10-25T16:54:36","slug":"was-ist-iai-do","status":"publish","type":"page","link":"http:\/\/www.kendo-tirol.com\/site\/was-ist-iai-do\/","title":{"rendered":"Was ist Iaido?"},"content":{"rendered":"\n<p class=\"has-text-align-center\"><\/p>\n\n\n<div class=\"wp-block-image\">\n<figure class=\"aligncenter size-large is-resized\"><img loading=\"lazy\" decoding=\"async\" width=\"1024\" height=\"967\" src=\"http:\/\/www.kendo-tirol.com\/site\/wp-content\/uploads\/2025\/09\/Iaido-Kanji-weiss-mit-transparentem-BG-1024x967.png\" alt=\"\" class=\"wp-image-1312\" style=\"width:302px;height:auto\" srcset=\"http:\/\/www.kendo-tirol.com\/site\/wp-content\/uploads\/2025\/09\/Iaido-Kanji-weiss-mit-transparentem-BG-1024x967.png 1024w, http:\/\/www.kendo-tirol.com\/site\/wp-content\/uploads\/2025\/09\/Iaido-Kanji-weiss-mit-transparentem-BG-300x283.png 300w, http:\/\/www.kendo-tirol.com\/site\/wp-content\/uploads\/2025\/09\/Iaido-Kanji-weiss-mit-transparentem-BG-768x726.png 768w, http:\/\/www.kendo-tirol.com\/site\/wp-content\/uploads\/2025\/09\/Iaido-Kanji-weiss-mit-transparentem-BG-1536x1451.png 1536w, http:\/\/www.kendo-tirol.com\/site\/wp-content\/uploads\/2025\/09\/Iaido-Kanji-weiss-mit-transparentem-BG.png 1592w\" sizes=\"auto, (max-width: 767px) 89vw, (max-width: 1000px) 54vw, (max-width: 1071px) 543px, 580px\" \/><\/figure>\n<\/div>\n\n\n<p><em>Iai-D\u014d<\/em> ist der \u201eWeg des Schwertziehens\u201c und geh\u00f6rt zum gro\u00dfen Bereich der japanischen <em>Bud\u014d<\/em>-Kampfk\u00fcnste (<em>Bud\u014d<\/em> = \u201eKriegsweg\u201c, ist der Oberbegriff f\u00fcr alle japanischen Kampfk\u00fcnste). &nbsp;Diese Kampfkunst lehrt den Umgang mit dem japanischen Schwert und wurde in Japan von den Schwertmeistern der <em>Samurai<\/em> als Verteidigung gegen \u00dcberraschungsangriffe entwickelt.<\/p>\n\n\n\n<p>Die Bezeichnung <em>Iaid\u014d<\/em> setzt sich aus drei japanischen Schriftzeichen zusammen. &nbsp; &nbsp; &nbsp; &nbsp; &nbsp; &nbsp; &nbsp; &nbsp; <\/p>\n\n\n\n<p>Das erste Zeichen &#8211; <strong><em>I<\/em><\/strong> (von \u201e<em>iru<\/em>\u201c) bedeutet: \u201e<em>sein<\/em>\u201c, \u201e<em>aufmerksam sein<\/em>\u201c, \u201e<em>anwesend sein<\/em>\u201c k\u00f6rperlich wie geistig.&nbsp; &nbsp; &nbsp; &nbsp; &nbsp; &nbsp; &nbsp; &nbsp; &nbsp; &nbsp; &nbsp; &nbsp; &nbsp; &nbsp; &nbsp; &nbsp; &nbsp; &nbsp; &nbsp; &nbsp; &nbsp; &nbsp; &nbsp; &nbsp; &nbsp; &nbsp; &nbsp; &nbsp; &nbsp; &nbsp; &nbsp; &nbsp; &nbsp; &nbsp; &nbsp; &nbsp; &nbsp; &nbsp; &nbsp; &nbsp; &nbsp; &nbsp; &nbsp; &nbsp; &nbsp; &nbsp; &nbsp; &nbsp; <\/p>\n\n\n\n<p>Das zweite Zeichen&nbsp;&#8211; <strong><em>Ai <\/em><\/strong><em>(\u201eawaseru\u201c) <\/em>bedeutet: \u201e<em>passen<\/em>\u201c, \u201e<em>\u00fcbereinstimmen<\/em>\u201c, \u201e<em>Harmonie<\/em>\u201c, \u201e<em>einer Situation entsprechen<\/em>\u201c, \u201e<em>richtig handeln<\/em>\u201c.&nbsp; &nbsp; &nbsp; &nbsp; &nbsp; &nbsp; &nbsp; &nbsp; &nbsp; &nbsp; &nbsp; &nbsp; &nbsp; &nbsp; &nbsp; &nbsp; &nbsp; &nbsp; &nbsp; &nbsp; &nbsp; &nbsp; &nbsp; &nbsp; &nbsp; &nbsp; &nbsp; &nbsp; &nbsp; &nbsp; &nbsp; &nbsp; &nbsp; &nbsp; &nbsp; &nbsp; &nbsp; &nbsp; &nbsp; <\/p>\n\n\n\n<p>Das dritte Zeichen &#8211; <strong><em>D\u014d<\/em><\/strong><em> <\/em>bedeutet: \u201eWeg\u201c, \u201ephilosophisches (\u201egeistiges\u201c) Prinzip\u201c.&nbsp;&nbsp;&nbsp;&nbsp;<\/p>\n\n\n\n<p>Eine einheitliche w\u00f6rtliche \u00dcbersetzung gibt es nicht!&nbsp;Frei nach <em>Furuichi Norio Sensei<\/em> (8. Dan <em>Iaid\u014d<\/em>, <em>Kyoshi<\/em>; 7. Dan <em>Kend\u014d<\/em>, <em>Kyoshi<\/em>; 7. Dan <em>Batt\u014dd\u014d<\/em>; 6. Dan <em>Tankend\u014d<\/em>; 6. Dan <em>Jukend\u014d<\/em>; 3. Dan <em>Jod\u014d<\/em>) wiedergegeben, bedeutet <em>Iaid\u014d<\/em>:<\/p>\n\n\n\n<p>\u201e<strong>Weg des angemessenen Handelns in voller Konzentration<\/strong>\u201c.&nbsp;<\/p>\n\n\n\n<p>Oder: \u201eDer Weg, jeder Situation zu entsprechen.\u201c&nbsp; &nbsp; &nbsp; &nbsp; &nbsp; &nbsp; &nbsp; &nbsp; &nbsp; &nbsp; &nbsp; &nbsp; &nbsp; &nbsp; &nbsp; &nbsp; &nbsp; &nbsp; &nbsp; &nbsp; &nbsp; &nbsp; &nbsp; &nbsp; &nbsp; &nbsp; &nbsp; &nbsp; &nbsp; &nbsp; &nbsp; &nbsp; &nbsp; &nbsp; &nbsp; &nbsp; &nbsp; Oder: \u201eDer Weg, in jedem Augenblick voll pr\u00e4sent zu sein.\u201c<\/p>\n\n\n\n<p>Die reine \u00dcbersetzung weist also ausschlie\u00dflich auf die Haltung des \u00dcbenden und nicht auf den Gebrauch des Schwertes hin.&nbsp;Es ist eine, aus dem urspr\u00fcnglichen <em>Iaijutsu<\/em> (Kunst des schnellen Schwertziehens) entwickelte, Konzentrationsschule die heute in Japan als der edelste Weg der <em>Bud\u014d<\/em>-Praktiken angesehen wird. Die Techniken des <em>Iaid\u014d<\/em> sind inzwischen v\u00f6llig von ihrem kriegerischen Ursprung abgel\u00f6st und werden nur als intellektuelle Disziplin f\u00fcr die Schulung des K\u00f6rpers, des Geistes und der Konzentration betrachtet.&nbsp;<\/p>\n\n\n\n<p><strong>Das Ziel des<\/strong><strong><em> Iaid\u014d<\/em><\/strong>&nbsp;<\/p>\n\n\n\n<p>\u201eDas Ziel des <em>Iaid\u014d<\/em> ist, gegen den Angriff eines oder mehrerer imagin\u00e4rer Gegner das Schwert zu ziehen und sich damit schnell zu verteidigen. Alle Bewegungen des imagin\u00e4ren Gegners sind nur da, um die Konzentration, die vollkommene Einheit von Geist, Schwert und K\u00f6rper zu entwickeln. Das st\u00e4ndige \u00dcben f\u00fchrt zu einer harmonischen Entwicklung der Muskulatur und deren Geschmeidigkeit.\u201c (AKA)<\/p>\n\n\n\n<p><em>Iai<\/em> (<em>Iaijutsu<\/em>) ist die traditionelle alte Schwertkunst, <em>Kend\u014d<\/em> ist die sportliche Weiterentwicklung auch unter standardisierten Wettkampfregeln.<\/p>\n\n\n\n<p><em>Kend\u014d<\/em> ist der gesch\u00fctzte Zweikampf mit einem Bambusschwert gegen einen realen Gegner, aber <em>Iaid\u014d<\/em> kann nur ohne physischen Gegner ge\u00fcbt werden, was die Sache nicht einfacher macht.<\/p>\n\n\n\n<p><strong>Das Training im <\/strong><strong><em>Iaid\u014d<\/em><\/strong><\/p>\n\n\n\n<p>W\u00e4hrend neue <em>Iaid\u014d<\/em>-Sch\u00fcler mit einem Holzschwert (<em>Bokken<\/em>) beginnen, verwenden fortgeschrittene <em>Iaid\u014d<\/em>-Sch\u00fcler ein stumpfes Schwert (<em>Iait\u014d<\/em>) aus Metall. Die \u00dcbungen erfolgen unter konsequenter Schulung unseres Trainers Harald Goldner (3. Dan Iaido, 3.Dan Kendo) in unserem <em>D\u014dj\u014d <\/em>(\u00dcbungsraum).<\/p>\n\n\n\n<p><strong><em>Seitei Iaido<\/em><\/strong><\/p>\n\n\n\n<p><strong><em>Zen Nippon Kendo Renmei Iaido <\/em><\/strong><strong>in unserem <\/strong><strong><em>D\u014dj\u014d<\/em><\/strong><\/p>\n\n\n\n<p><em>Zen Nippon Kendo Renmei Iaid\u014d<\/em> ist der <em>Iaid\u014d<\/em>-Stil der All Japan Kendo Federation (AJKF, Zen Nippon Kendo Renmei oder ZNKR). Dieser Stil des standardisierten <em>Iaid\u014d<\/em> ist auch als <em>Seitei<\/em> <em>Iaid\u014d <\/em>&nbsp;(\u5236\u5b9a \u5c45\u5408\u9053) oder <em>Zenkenren Iaid\u014d <\/em>&nbsp;(\u5168\u5263\u9023 \u5c45\u5408\u9053) bekannt.<\/p>\n\n\n\n<p>Geschichte<\/p>\n\n\n\n<p>1969 f\u00fchrte die AJKF ihren <em>Seite<\/em>i-Lehrplan mit sieben standardisierten <em>Iaido-Kata<\/em> (<em>Kata<\/em> = stilisierte Form des Kampfes gegen einen oder mehrere imagin\u00e4re Gegner mit einer festgelegten Serie von Techniken) ein.<\/p>\n\n\n\n<p>Diese stammten aus Elementen der wichtigsten Schwertschulen, darunter <em>Mus\u014d Jikiden<\/em> <em>Eishin-ry\u016b<\/em>, <em>Mus\u014d Shinden-ry\u016b<\/em> und <em>Hoki-ry\u016b<\/em>.&nbsp;1981 wurden drei weitere <em>Kata <\/em>und im Jahr 2000 zwei weitere hinzugef\u00fcgt, wodurch sich die Anzahl der <em>Seitei-Iaido-Kata<\/em> auf derzeit zw\u00f6lf erh\u00f6hte.&nbsp;Diese <em>Kata<\/em> sind offiziell als \u201eAll Japan Kendo Federation Iai\u201c (\u5168\u65e5\u672c\u5263\u9053\u9023\u76df\u5c45\u5408 <em>Zen Nippon Kend\u014d Renmei Iai<\/em>) oder <em>Zen Ken Ren Iai<\/em> (\u5168\u5263\u9023\u5c45\u5408) bekannt und werden allgemein als <em>Seitei<\/em> oder <em>Seitei-Kata<\/em> bezeichnet.<\/p>\n\n\n\n<p>Die zw\u00f6lf <em>Seitei-Kata<\/em> sind f\u00fcr den Unterricht, die F\u00f6rderung und die Verbreitung von <em>Iaid\u014d<\/em> innerhalb der <em>Kendo<\/em>-Verb\u00e4nde standardisiert. Obwohl nicht alle <em>Kendo-Dojos Seitei Iaido <\/em>unterrichten, verwendet die AJKF sie als Standard f\u00fcr ihre Pr\u00fcfungen und <em>Taikai <\/em>(Demonstrations-Wettk\u00e4mpfe). Infolgedessen ist <em>Seitei Iaid\u014d<\/em> die am weitesten verbreitete Form von <em>Iaid\u014d<\/em> in Japan und im Rest der Welt geworden.<\/p>\n","protected":false},"excerpt":{"rendered":"<p>Iai-D\u014d ist der \u201eWeg des Schwertziehens\u201c und geh\u00f6rt zum gro\u00dfen Bereich der japanischen Bud\u014d-Kampfk\u00fcnste (Bud\u014d = \u201eKriegsweg\u201c, ist der Oberbegriff f\u00fcr alle japanischen Kampfk\u00fcnste). &nbsp;Diese Kampfkunst lehrt den Umgang mit dem japanischen Schwert und wurde in Japan von den Schwertmeistern der Samurai als Verteidigung gegen \u00dcberraschungsangriffe entwickelt. Die Bezeichnung Iaid\u014d setzt sich aus drei japanischen &hellip; <\/p>\n<p class=\"link-more\"><a href=\"http:\/\/www.kendo-tirol.com\/site\/was-ist-iai-do\/\" class=\"more-link\"><span class=\"screen-reader-text\">\u201eWas ist Iaido?\u201c <\/span>weiterlesen<\/a><\/p>\n","protected":false},"author":3,"featured_media":0,"parent":0,"menu_order":0,"comment_status":"closed","ping_status":"closed","template":"","meta":{"pgc_sgb_lightbox_settings":"","footnotes":""},"class_list":["post-1131","page","type-page","status-publish","hentry"],"_links":{"self":[{"href":"http:\/\/www.kendo-tirol.com\/site\/wp-json\/wp\/v2\/pages\/1131","targetHints":{"allow":["GET"]}}],"collection":[{"href":"http:\/\/www.kendo-tirol.com\/site\/wp-json\/wp\/v2\/pages"}],"about":[{"href":"http:\/\/www.kendo-tirol.com\/site\/wp-json\/wp\/v2\/types\/page"}],"author":[{"embeddable":true,"href":"http:\/\/www.kendo-tirol.com\/site\/wp-json\/wp\/v2\/users\/3"}],"replies":[{"embeddable":true,"href":"http:\/\/www.kendo-tirol.com\/site\/wp-json\/wp\/v2\/comments?post=1131"}],"version-history":[{"count":9,"href":"http:\/\/www.kendo-tirol.com\/site\/wp-json\/wp\/v2\/pages\/1131\/revisions"}],"predecessor-version":[{"id":1370,"href":"http:\/\/www.kendo-tirol.com\/site\/wp-json\/wp\/v2\/pages\/1131\/revisions\/1370"}],"wp:attachment":[{"href":"http:\/\/www.kendo-tirol.com\/site\/wp-json\/wp\/v2\/media?parent=1131"}],"curies":[{"name":"wp","href":"https:\/\/api.w.org\/{rel}","templated":true}]}}